{"id":935,"date":"2022-11-17T17:30:21","date_gmt":"2022-11-17T17:30:21","guid":{"rendered":"https:\/\/sanitaris.cloutions.com\/?page_id=935"},"modified":"2023-01-23T09:02:12","modified_gmt":"2023-01-23T09:02:12","slug":"politica-de-privadesa","status":"publish","type":"page","link":"https:\/\/sanitarismaresme.com\/ca\/politica-de-privadesa\/","title":{"rendered":"Pol\u00edtica de privadesa"},"content":{"rendered":"\r\n<p><strong>PROTECCI\u00d3 DE DADES DE CAR\u00c0CTER PERSONAL<\/strong><\/p>\r\n<p>A trav\u00e9s de la present pol\u00edtica de privacitat Sanitaris Maresme S.L. desitja informar a totes les persones que naveguin i accedeixin al lloc web www.sanitarismaresme.com sobre els tractaments de dades personals realitzades.<\/p>\r\n<p>L\u2019acc\u00e9s al lloc web no requereix un registre previ. En tot cas, l\u2019Usuari amb la seva navegaci\u00f3 accepta \u00edntegrament la present pol\u00edtica de privadesa i pol\u00edtica de cookies.<\/p>\r\n<p>Abans de l\u2019enviament de qualsevol sol\u00b7licitud d\u2019informaci\u00f3 a trav\u00e9s del formulari de contacte d\u2019aquesta p\u00e0gina web, l\u2019usuari ha d\u2019acceptar la pol\u00edtica de privadesa, amb la finalitat de prestar el consentiment expr\u00e9s i informat pel tractament de les dades amb les finalitats indicades.<\/p>\r\n<p>De conformitat amb el Reglament (UE) 2016\/679, de 27 d\u2019abril de 2016, relatiu a la protecci\u00f3 de les persones f\u00edsiques pel que fa al tractament de dades personals i a la lliure circulaci\u00f3 d\u2019aquestes dades i subsidi\u00e0riament en all\u00f2 no regulat, el Reial decret 1720\/2007, de 21 de desembre, pel qual s\u2019aprova el Reglament de desenvolupament de la Llei org\u00e0nica 15\/1999, de 13 de desembre de Protecci\u00f3 de Dades de Car\u00e0cter Personal Sanitaris Maresme S.L.:<\/p>\r\n<p><strong>Responsable del fitxer:<\/strong><\/p>\r\n<p>La societat Sanitaris Maresme S.L.<\/p>\r\n<p>B58481870<\/p>\r\n<p>C\/ Pablo Iglesias, 39-41 \u2013 08301 Matar\u00f3 (Barcelona).<\/p>\r\n<p><strong>Finalitat i conservaci\u00f3 de les dades:<\/strong> Sanitaris Maresme tractar\u00e0 les dades dels Usuaris conforme les seg\u00fcents finalitats:<\/p>\r\n<ol>\r\n<li>Gestionar l\u2019\u00fas de les funcionalitats posades a disposici\u00f3 a trav\u00e9s del Lloc web. Les dades tractades amb aquesta finalitat es conservaran mentre es mantingui la relaci\u00f3 contractual i\/o mercantil entre l\u2019Usuari i Sanitaris Maresme. Per al cas que les sol\u00b7licituds efectuades per un usuari no mantinguin una relaci\u00f3 contractual, les dades es conservaran fins a haver resolt aquesta sol\u00b7licitud.<\/li>\r\n<li>Donar curs a les sol\u00b7licituds d\u2019ocupaci\u00f3 i gestionar els processos de selecci\u00f3. Les dades tractades per a aquesta finalitat es conservaran com a m\u00e0xim durant 1 any des de la seva recepci\u00f3 o finalitzaci\u00f3 del proc\u00e9s de selecci\u00f3.<\/li>\r\n<li>Mantenir informats als usuaris mitjan\u00e7ant comunicacions comercials sobre serveis i novetats de Sanitaris Maresme.<\/li>\r\n<\/ol>\r\n<p>L\u2019Usuari solament rebr\u00e0 aquestes comunicacions comercials en cas d\u2019acceptaci\u00f3, marcant la casella corresponent.<\/p>\r\n<p>Aquestes dades solament seran tractats fins al moment en el qual l\u2019Usuari retiri el seu consentiment o exerceixi el dret d\u2019oposici\u00f3.<\/p>\r\n<p>Destinataris Les dades dels usuaris no se cediran a tercers a excepci\u00f3 d\u2019obligaci\u00f3 legal.<\/p>\r\n<p><strong>Drets:<\/strong> En qualsevol moment l\u2019Usuari podr\u00e0 exercir gratu\u00eftament els seus drets d\u2019acc\u00e9s, rectificaci\u00f3, oposici\u00f3 i supressi\u00f3 les dades, aix\u00ed com els altres drets regulats al Reglament (UE) 679\/2016, aix\u00f2 \u00e9s, el dret a la portabilitat i a la limitaci\u00f3 del tractament, mitjan\u00e7ant escrit acompanyat d\u2019una c\u00f2pia del DNI o document v\u00e0lid que ho identifiqui a Sanitaris Maresme al domicili C\/ Pablo Iglesias, 39-41 \u2013 08301 Matar\u00f3 (Barcelona) (Ref. \u201cProtecci\u00f3 de Dades\u201d), o a la seg\u00fcent adre\u00e7a de correu electr\u00f2nic info@sanitarismaresme.com. Sanitaris Maresme informa l\u2019Usuari que, si ho estima oport\u00fa, t\u00e9 dret a presentar una reclamaci\u00f3 davant la corresponent autoritat de control.<\/p>\r\n<p>\u00c9s obligatori proporcionar tota la informaci\u00f3 sol\u00b7licitada a l\u2019apartat de contacte?<\/p>\r\n<p>Pel que fa als formularis del Lloc web, l\u2019Usuari ha d\u2019emplenar els marcats com \u201crequerit\u201d. No completar les dades personals requerides o fer-ho parcialment pot suposar que Sanitaris Maresme no pugui atendre les seves sol\u00b7licituds i, en conseq\u00fc\u00e8ncia, Sanitaris Maresme quedar\u00e0 exonerada de tota responsabilitat per la no prestaci\u00f3 o la prestaci\u00f3 incompleta dels serveis sol\u00b7licitats.<\/p>\r\n<p>Les dades personals que l\u2019Usuari facilita a Sanitaris Maresme han de ser actuals perqu\u00e8 la informaci\u00f3 dels registres estigui actualitza i sense errors. L\u2019Usuari respondr\u00e0 de la veracitat de les dades facilitades.<\/p>\r\n<p><strong>Menors d\u2019edat<\/strong><\/p>\r\n<p>Els menors de 14 anys no poden cedir les seves dades personals a Sanitaris Maresme sense el consentiment dels seus pares i\/o tutors legals.<\/p>\r\n<p>En cas que Sanitaris Maresme detect\u00e9s que l\u2019Usuari fos menor de 14 anys es reserva el dret a sol\u00b7licitar una c\u00f2pia del seu DNI o document d\u2019identitat equivalent, o en el seu cas, l\u2019autoritzaci\u00f3 dels seus pares i\/o tutors legals, causant baixa en cas de no acreditar el compliment d\u2019aquest requisit o falta de resposta.<\/p>\r\n<p><strong>Quines mesures de seguretat t\u00e9 implantada l\u2019empresa?<\/strong><\/p>\r\n<p>Sanitaris Maresme informa que el tractament que realitza de dades personals es realitza en tot moment de conformitat amb la normativa aplicable en mat\u00e8ria de protecci\u00f3 de dades i dels serveis de la societat de la informaci\u00f3. Sanitaris Maresme t\u00e9 implantades les mesures de seguretat d\u2019\u00edndole t\u00e8cnica i organitzatives necess\u00e0ries que garanteixin la seguretat de les dades de car\u00e0cter personal de l\u2019Usuari i evitin la seva alteraci\u00f3, p\u00e8rdua, tractament i\/o acc\u00e9s no autoritzat d\u2019acord amb l\u2019estat de la tecnologia, la naturalesa de les dades emmagatzemades i els riscos als quals estan exposats, ja provinguin de l\u2019acci\u00f3 humana o del medi f\u00edsic o natural, de conformitat amb el qual preveu la normativa vigent.<\/p>\r\n<p><strong>Xarxes socials<\/strong> Sanitaris Maresme disposa de perfils a les xarxes socials amb la finalitat de publicar i difondre informaci\u00f3 sobre els serveis prestats a trav\u00e9s de la p\u00e0gina web, interactuar amb els usuaris i oferir el canal d\u2019atenci\u00f3 i interacci\u00f3 social.<\/p>\r\n<p>A continuaci\u00f3 se citen les xarxes socials en les quals Sanitaris Maresme S.L. t\u00e9 perfil obert amb el nom comercial Sanitaris Maresme s\u00f3n:<\/p>\r\n<ul>\r\n<li>Facebook<\/li>\r\n<li>Youtube<\/li>\r\n<li>Instagram<\/li>\r\n<\/ul>\r\n\r\n<div id=\"gtx-trans\" style=\"position: absolute; left: 1016px; top: 1435.84px;\">\r\n<div class=\"gtx-trans-icon\">\u00a0<\/div>\r\n<\/div>","protected":false},"excerpt":{"rendered":"<p>PROTECCI\u00d3 DE DADES DE CAR\u00c0CTER PERSONAL A trav\u00e9s de la present pol\u00edtica de privacitat Sanitaris Maresme S.L. desitja informar a totes les persones que naveguin i accedeixin al lloc web www.sanitarismaresme.com sobre els tractaments de dades personals realitzades. L\u2019acc\u00e9s al lloc web no requereix un registre previ. En tot cas, l\u2019Usuari amb la seva navegaci\u00f3 [&hellip;]<\/p>\n","protected":false},"author":1,"featured_media":0,"parent":0,"menu_order":0,"comment_status":"closed","ping_status":"closed","template":"","meta":{"footnotes":""},"class_list":["post-935","page","type-page","status-publish","hentry"],"yoast_head":"<!-- This site is optimized with the Yoast SEO plugin v27.4 - https:\/\/yoast.com\/product\/yoast-seo-wordpress\/ -->\n<title>Pol\u00edtica de privadesa - Sanitaris Maresme<\/title>\n<meta name=\"robots\" content=\"index, follow, max-snippet:-1, max-image-preview:large, max-video-preview:-1\" \/>\n<link rel=\"canonical\" href=\"https:\/\/sanitarismaresme.com\/ca\/politica-de-privadesa\/\" \/>\n<meta property=\"og:locale\" content=\"ca_ES\" \/>\n<meta property=\"og:type\" content=\"article\" \/>\n<meta property=\"og:title\" content=\"Pol\u00edtica de privadesa - Sanitaris Maresme\" \/>\n<meta property=\"og:description\" content=\"PROTECCI\u00d3 DE DADES DE CAR\u00c0CTER PERSONAL A trav\u00e9s de la present pol\u00edtica de privacitat Sanitaris Maresme S.L. desitja informar a totes les persones que naveguin i accedeixin al lloc web www.sanitarismaresme.com sobre els tractaments de dades personals realitzades. L\u2019acc\u00e9s al lloc web no requereix un registre previ. En tot cas, l\u2019Usuari amb la seva navegaci\u00f3 [&hellip;]\" \/>\n<meta property=\"og:url\" content=\"https:\/\/sanitarismaresme.com\/ca\/politica-de-privadesa\/\" \/>\n<meta property=\"og:site_name\" content=\"Sanitaris Maresme\" \/>\n<meta property=\"article:modified_time\" content=\"2023-01-23T09:02:12+00:00\" \/>\n<meta name=\"twitter:card\" content=\"summary_large_image\" \/>\n<meta name=\"twitter:label1\" content=\"Temps estimat de lectura\" \/>\n\t<meta name=\"twitter:data1\" content=\"4 minuts\" \/>\n<script type=\"application\/ld+json\" class=\"yoast-schema-graph\">{\"@context\":\"https:\\\/\\\/schema.org\",\"@graph\":[{\"@type\":\"WebPage\",\"@id\":\"https:\\\/\\\/sanitarismaresme.com\\\/ca\\\/politica-de-privadesa\\\/\",\"url\":\"https:\\\/\\\/sanitarismaresme.com\\\/ca\\\/politica-de-privadesa\\\/\",\"name\":\"Pol\u00edtica de privadesa - Sanitaris Maresme\",\"isPartOf\":{\"@id\":\"https:\\\/\\\/sanitarismaresme.com\\\/ca\\\/#website\"},\"datePublished\":\"2022-11-17T17:30:21+00:00\",\"dateModified\":\"2023-01-23T09:02:12+00:00\",\"breadcrumb\":{\"@id\":\"https:\\\/\\\/sanitarismaresme.com\\\/ca\\\/politica-de-privadesa\\\/#breadcrumb\"},\"inLanguage\":\"ca\",\"potentialAction\":[{\"@type\":\"ReadAction\",\"target\":[\"https:\\\/\\\/sanitarismaresme.com\\\/ca\\\/politica-de-privadesa\\\/\"]}]},{\"@type\":\"BreadcrumbList\",\"@id\":\"https:\\\/\\\/sanitarismaresme.com\\\/ca\\\/politica-de-privadesa\\\/#breadcrumb\",\"itemListElement\":[{\"@type\":\"ListItem\",\"position\":1,\"name\":\"Portada\",\"item\":\"https:\\\/\\\/sanitarismaresme.com\\\/ca\\\/\"},{\"@type\":\"ListItem\",\"position\":2,\"name\":\"Pol\u00edtica de privadesa\"}]},{\"@type\":\"WebSite\",\"@id\":\"https:\\\/\\\/sanitarismaresme.com\\\/ca\\\/#website\",\"url\":\"https:\\\/\\\/sanitarismaresme.com\\\/ca\\\/\",\"name\":\"Sanitaris Maresme\",\"description\":\"\",\"publisher\":{\"@id\":\"https:\\\/\\\/sanitarismaresme.com\\\/ca\\\/#organization\"},\"potentialAction\":[{\"@type\":\"SearchAction\",\"target\":{\"@type\":\"EntryPoint\",\"urlTemplate\":\"https:\\\/\\\/sanitarismaresme.com\\\/ca\\\/?s={search_term_string}\"},\"query-input\":{\"@type\":\"PropertyValueSpecification\",\"valueRequired\":true,\"valueName\":\"search_term_string\"}}],\"inLanguage\":\"ca\"},{\"@type\":\"Organization\",\"@id\":\"https:\\\/\\\/sanitarismaresme.com\\\/ca\\\/#organization\",\"name\":\"Sanitaris Maresme\",\"url\":\"https:\\\/\\\/sanitarismaresme.com\\\/ca\\\/\",\"logo\":{\"@type\":\"ImageObject\",\"inLanguage\":\"ca\",\"@id\":\"https:\\\/\\\/sanitarismaresme.com\\\/ca\\\/#\\\/schema\\\/logo\\\/image\\\/\",\"url\":\"https:\\\/\\\/sanitarismaresme.com\\\/wp-content\\\/uploads\\\/2022\\\/11\\\/sanitaris.jpg\",\"contentUrl\":\"https:\\\/\\\/sanitarismaresme.com\\\/wp-content\\\/uploads\\\/2022\\\/11\\\/sanitaris.jpg\",\"width\":225,\"height\":225,\"caption\":\"Sanitaris Maresme\"},\"image\":{\"@id\":\"https:\\\/\\\/sanitarismaresme.com\\\/ca\\\/#\\\/schema\\\/logo\\\/image\\\/\"}}]}<\/script>\n<!-- \/ Yoast SEO plugin. -->","yoast_head_json":{"title":"Pol\u00edtica de privadesa - Sanitaris Maresme","robots":{"index":"index","follow":"follow","max-snippet":"max-snippet:-1","max-image-preview":"max-image-preview:large","max-video-preview":"max-video-preview:-1"},"canonical":"https:\/\/sanitarismaresme.com\/ca\/politica-de-privadesa\/","og_locale":"ca_ES","og_type":"article","og_title":"Pol\u00edtica de privadesa - Sanitaris Maresme","og_description":"PROTECCI\u00d3 DE DADES DE CAR\u00c0CTER PERSONAL A trav\u00e9s de la present pol\u00edtica de privacitat Sanitaris Maresme S.L. desitja informar a totes les persones que naveguin i accedeixin al lloc web www.sanitarismaresme.com sobre els tractaments de dades personals realitzades. L\u2019acc\u00e9s al lloc web no requereix un registre previ. En tot cas, l\u2019Usuari amb la seva navegaci\u00f3 [&hellip;]","og_url":"https:\/\/sanitarismaresme.com\/ca\/politica-de-privadesa\/","og_site_name":"Sanitaris Maresme","article_modified_time":"2023-01-23T09:02:12+00:00","twitter_card":"summary_large_image","twitter_misc":{"Temps estimat de lectura":"4 minuts"},"schema":{"@context":"https:\/\/schema.org","@graph":[{"@type":"WebPage","@id":"https:\/\/sanitarismaresme.com\/ca\/politica-de-privadesa\/","url":"https:\/\/sanitarismaresme.com\/ca\/politica-de-privadesa\/","name":"Pol\u00edtica de privadesa - Sanitaris Maresme","isPartOf":{"@id":"https:\/\/sanitarismaresme.com\/ca\/#website"},"datePublished":"2022-11-17T17:30:21+00:00","dateModified":"2023-01-23T09:02:12+00:00","breadcrumb":{"@id":"https:\/\/sanitarismaresme.com\/ca\/politica-de-privadesa\/#breadcrumb"},"inLanguage":"ca","potentialAction":[{"@type":"ReadAction","target":["https:\/\/sanitarismaresme.com\/ca\/politica-de-privadesa\/"]}]},{"@type":"BreadcrumbList","@id":"https:\/\/sanitarismaresme.com\/ca\/politica-de-privadesa\/#breadcrumb","itemListElement":[{"@type":"ListItem","position":1,"name":"Portada","item":"https:\/\/sanitarismaresme.com\/ca\/"},{"@type":"ListItem","position":2,"name":"Pol\u00edtica de privadesa"}]},{"@type":"WebSite","@id":"https:\/\/sanitarismaresme.com\/ca\/#website","url":"https:\/\/sanitarismaresme.com\/ca\/","name":"Sanitaris Maresme","description":"","publisher":{"@id":"https:\/\/sanitarismaresme.com\/ca\/#organization"},"potentialAction":[{"@type":"SearchAction","target":{"@type":"EntryPoint","urlTemplate":"https:\/\/sanitarismaresme.com\/ca\/?s={search_term_string}"},"query-input":{"@type":"PropertyValueSpecification","valueRequired":true,"valueName":"search_term_string"}}],"inLanguage":"ca"},{"@type":"Organization","@id":"https:\/\/sanitarismaresme.com\/ca\/#organization","name":"Sanitaris Maresme","url":"https:\/\/sanitarismaresme.com\/ca\/","logo":{"@type":"ImageObject","inLanguage":"ca","@id":"https:\/\/sanitarismaresme.com\/ca\/#\/schema\/logo\/image\/","url":"https:\/\/sanitarismaresme.com\/wp-content\/uploads\/2022\/11\/sanitaris.jpg","contentUrl":"https:\/\/sanitarismaresme.com\/wp-content\/uploads\/2022\/11\/sanitaris.jpg","width":225,"height":225,"caption":"Sanitaris Maresme"},"image":{"@id":"https:\/\/sanitarismaresme.com\/ca\/#\/schema\/logo\/image\/"}}]}},"_links":{"self":[{"href":"https:\/\/sanitarismaresme.com\/ca\/wp-json\/wp\/v2\/pages\/935","targetHints":{"allow":["GET"]}}],"collection":[{"href":"https:\/\/sanitarismaresme.com\/ca\/wp-json\/wp\/v2\/pages"}],"about":[{"href":"https:\/\/sanitarismaresme.com\/ca\/wp-json\/wp\/v2\/types\/page"}],"author":[{"embeddable":true,"href":"https:\/\/sanitarismaresme.com\/ca\/wp-json\/wp\/v2\/users\/1"}],"replies":[{"embeddable":true,"href":"https:\/\/sanitarismaresme.com\/ca\/wp-json\/wp\/v2\/comments?post=935"}],"version-history":[{"count":0,"href":"https:\/\/sanitarismaresme.com\/ca\/wp-json\/wp\/v2\/pages\/935\/revisions"}],"wp:attachment":[{"href":"https:\/\/sanitarismaresme.com\/ca\/wp-json\/wp\/v2\/media?parent=935"}],"curies":[{"name":"wp","href":"https:\/\/api.w.org\/{rel}","templated":true}]}}